{"id":189,"date":"2025-04-25T11:32:04","date_gmt":"2025-04-25T09:32:04","guid":{"rendered":"https:\/\/wisnialifting.pl\/?page_id=189"},"modified":"2025-04-25T11:34:23","modified_gmt":"2025-04-25T09:34:23","slug":"regulamin","status":"publish","type":"page","link":"https:\/\/wisnialifting.pl\/?page_id=189","title":{"rendered":"Regulamin"},"content":{"rendered":"\t\t<div data-elementor-type=\"wp-page\" data-elementor-id=\"189\" class=\"elementor elementor-189\">\n\t\t\t\t<div class=\"elementor-element elementor-element-cff7a63 e-flex e-con-boxed e-con e-parent\" data-id=\"cff7a63\" data-element_type=\"container\">\n\t\t\t\t\t<div class=\"e-con-inner\">\n\t\t\t\t<div class=\"elementor-element elementor-element-6ffb7d0 elementor-widget elementor-widget-text-editor\" data-id=\"6ffb7d0\" data-element_type=\"widget\" data-widget_type=\"text-editor.default\">\n\t\t\t\t<div class=\"elementor-widget-container\">\n\t\t\t\t\t\t\t\t\t<p><strong>Regulamin:<\/strong><br \/><br \/>1. <b class=\"html-b xdj266r x11i5rnm xat24cr x1mh8g0r xexx8yu x4uap5 x18d9i69 xkhd6sd x1hl2dhg x16tdsg8 x1vvkbs\">*Rozpocz\u0119cie wsp\u00f3\u0142pracy*<\/b>: Wsp\u00f3\u0142praca online rozpoczyna si\u0119 w momencie otrzymania planu przez podopiecznego. Przes\u0142any plan jest dostosowany do indywidualnych potrzeb i cel\u00f3w podopiecznego, jednak nie stanowi porady medycznej.<br \/><br \/>2<b class=\"html-b xdj266r x11i5rnm xat24cr x1mh8g0r xexx8yu x4uap5 x18d9i69 xkhd6sd x1hl2dhg x16tdsg8 x1vvkbs\"> *Czas oczekiwania na plan*<\/b>: Czas oczekiwania na plan treningowy to 4\/5 dni robocze od otrzymania p\u0142atno\u015bci. W przypadku op\u00f3\u017anie\u0144, podopieczny zostanie niezw\u0142ocznie poinformowany o stanie realizacji. <br \/><br \/>3. <b class=\"html-b xdj266r x11i5rnm xat24cr x1mh8g0r xexx8yu x4uap5 x18d9i69 xkhd6sd x1hl2dhg x16tdsg8 x1vvkbs\">*Karnet na si\u0142owni\u0119*<\/b>: Karnet na si\u0142owni\u0119 lub Multisport, podopieczny wykupuje na w\u0142asn\u0105 r\u0119k\u0119. Wszelkie koszty zwi\u0105zane z korzystaniem z obiekt\u00f3w sportowych ponosi podopieczny, a us\u0142ugodawca nie ponosi odpowiedzialno\u015bci za warunki w obiektach. <br \/><br \/>4. <b class=\"html-b xdj266r x11i5rnm xat24cr x1mh8g0r xexx8yu x4uap5 x18d9i69 xkhd6sd x1hl2dhg x16tdsg8 x1vvkbs\">*Odpowiedzialno\u015b\u0107*<\/b>: Podopieczny ponosi pe\u0142n\u0105 odpowiedzialno\u015b\u0107 za swoje zdrowie i bezpiecze\u0144stwo podczas wykonywania zaplanowanych \u0107wicze\u0144. W przypadku jakichkolwiek problem\u00f3w zdrowotnych, zaleca si\u0119 konsultacj\u0119 z lekarzem przed rozpocz\u0119ciem trening\u00f3w.<br \/><br \/>5. <b class=\"html-b xdj266r x11i5rnm xat24cr x1mh8g0r xexx8yu x4uap5 x18d9i69 xkhd6sd x1hl2dhg x16tdsg8 x1vvkbs\">*Rezygnacja z us\u0142ug*<\/b>: Podopieczny ma prawo do rezygnacji z us\u0142ug w ka\u017cdej chwili, jednak op\u0142acona kwota nie podlega zwrotowi, chyba \u017ce umowa stanowi inaczej. W przypadku rezygnacji, podopieczny proszony jest o pisemne powiadomienie.<br \/><br \/>6. <b class=\"html-b xdj266r x11i5rnm xat24cr x1mh8g0r xexx8yu x4uap5 x18d9i69 xkhd6sd x1hl2dhg x16tdsg8 x1vvkbs\">*Ochrona danych osobowych*<\/b>: Wszelkie dane osobowe podopiecznego s\u0105 chronione zgodnie z obowi\u0105zuj\u0105cymi przepisami prawa o ochronie danych osobowych. Dane te b\u0119d\u0105 wykorzystywane wy\u0142\u0105cznie w celu realizacji us\u0142ug oraz nie b\u0119d\u0105 udost\u0119pniane osobom trzecim bez zgody podopiecznego, chyba \u017ce wymagaj\u0105 tego przepisy prawa. <br \/><br \/>7. <b class=\"html-b xdj266r x11i5rnm xat24cr x1mh8g0r xexx8yu x4uap5 x18d9i69 xkhd6sd x1hl2dhg x16tdsg8 x1vvkbs\">*Zmiany w regulaminie*<\/b>: Regulamin mo\u017ce ulec zmianie. Wszelkie zmiany b\u0119d\u0105 komunikowane podopiecznym, a dalsze korzystanie z us\u0142ug b\u0119dzie r\u00f3wnoznaczne z akceptacj\u0105 nowego regulaminu. <br \/><br \/>8. <b class=\"html-b xdj266r x11i5rnm xat24cr x1mh8g0r xexx8yu x4uap5 x18d9i69 xkhd6sd x1hl2dhg x16tdsg8 x1vvkbs\">*Postanowienia ko\u0144cowe*<\/b>: W sprawach nieuregulowanych niniejszym regulaminem zastosowanie maj\u0105 przepisy Kodeksu cywilnego. Wszelkie spory wynik\u0142e z umowy b\u0119d\u0105 rozstrzygane przez s\u0105d w\u0142a\u015bciwy dla siedziby us\u0142ugodawcy.<br \/><br \/>9. <b class=\"html-b xdj266r x11i5rnm xat24cr x1mh8g0r xexx8yu x4uap5 x18d9i69 xkhd6sd x1hl2dhg x16tdsg8 x1vvkbs\">*Si\u0142a wy\u017csza*<\/b>: Us\u0142ugodawca nie ponosi odpowiedzialno\u015bci za niewykonanie lub nienale\u017cyte wykonanie umowy, je\u015bli jest to spowodowane zdarzeniami niezale\u017cnymi od jego woli, takimi jak kl\u0119ski \u017cywio\u0142owe, strajki, czy inne sytuacje kryzysowe.<br \/><br \/>10. <b class=\"html-b xdj266r x11i5rnm xat24cr x1mh8g0r xexx8yu x4uap5 x18d9i69 xkhd6sd x1hl2dhg x16tdsg8 x1vvkbs\">*Zgoda na komunikacj\u0119*<\/b>: Podopieczny wyra\u017ca zgod\u0119 na komunikacj\u0119 drog\u0105 elektroniczn\u0105 w celach zwi\u0105zanych z realizacj\u0105 us\u0142ug. Podopieczny ma prawo w ka\u017cdej chwili wycofa\u0107 zgod\u0119 na przetwarzanie swoich danych osobowych w celach marketingowych.<br \/><br \/>11. <b class=\"html-b xdj266r x11i5rnm xat24cr x1mh8g0r xexx8yu x4uap5 x18d9i69 xkhd6sd x1hl2dhg x16tdsg8 x1vvkbs\">*Zg\u0142oszenie kontuzji i dolegliwo\u015bci*<\/b>: Podopieczny zobowi\u0105zany jest do niezw\u0142ocznego informowania us\u0142ugodawcy o wszelkich kontuzjach, urazach, b\u0105d\u017a dolegliwo\u015bciach zdrowotnych, kt\u00f3re mog\u0105 wp\u0142yn\u0105\u0107 na wykonywanie \u0107wicze\u0144.<\/p>\t\t\t\t\t\t\t\t<\/div>\n\t\t\t\t<\/div>\n\t\t\t\t\t<\/div>\n\t\t\t\t<\/div>\n\t\t\t\t<\/div>\n\t\t","protected":false},"excerpt":{"rendered":"<p>Regulamin: 1. *Rozpocz\u0119cie wsp\u00f3\u0142pracy*: Wsp\u00f3\u0142praca online rozpoczyna si\u0119 w momencie otrzymania planu przez podopiecznego. Przes\u0142any plan jest dostosowany do indywidualnych [&hellip;]<\/p>\n","protected":false},"author":1,"featured_media":0,"parent":0,"menu_order":2,"comment_status":"closed","ping_status":"closed","template":"","meta":{"site-sidebar-layout":"no-sidebar","site-content-layout":"","ast-site-content-layout":"full-width-container","site-content-style":"default","site-sidebar-style":"default","ast-global-header-display":"","ast-banner-title-visibility":"","ast-main-header-display":"","ast-hfb-above-header-display":"","ast-hfb-below-header-display":"","ast-hfb-mobile-header-display":"","site-post-title":"disabled","ast-breadcrumbs-content":"","ast-featured-img":"disabled","footer-sml-layout":"","theme-transparent-header-meta":"","adv-header-id-meta":"","stick-header-meta":"","header-above-stick-meta":"","header-main-stick-meta":"","header-below-stick-meta":"","astra-migrate-meta-layouts":"default","ast-page-background-enabled":"default","ast-page-background-meta":{"desktop":{"background-color":"var(--ast-global-color-5)","background-image":"","background-repeat":"repeat","background-position":"center center","background-size":"auto","background-attachment":"scroll","background-type":"","background-media":"","overlay-type":"","overlay-color":"","overlay-opacity":"","overlay-gradient":""},"tablet":{"background-color":"","background-image":"","background-repeat":"repeat","background-position":"center center","background-size":"auto","background-attachment":"scroll","background-type":"","background-media":"","overlay-type":"","overlay-color":"","overlay-opacity":"","overlay-gradient":""},"mobile":{"background-color":"","background-image":"","background-repeat":"repeat","background-position":"center center","background-size":"auto","background-attachment":"scroll","background-type":"","background-media":"","overlay-type":"","overlay-color":"","overlay-opacity":"","overlay-gradient":""}},"ast-content-background-meta":{"desktop":{"background-color":"var(--ast-global-color-4)","background-image":"","background-repeat":"repeat","background-position":"center center","background-size":"auto","background-attachment":"scroll","background-type":"","background-media":"","overlay-type":"","overlay-color":"","overlay-opacity":"","overlay-gradient":""},"tablet":{"background-color":"var(--ast-global-color-4)","background-image":"","background-repeat":"repeat","background-position":"center center","background-size":"auto","background-attachment":"scroll","background-type":"","background-media":"","overlay-type":"","overlay-color":"","overlay-opacity":"","overlay-gradient":""},"mobile":{"background-color":"var(--ast-global-color-4)","background-image":"","background-repeat":"repeat","background-position":"center center","background-size":"auto","background-attachment":"scroll","background-type":"","background-media":"","overlay-type":"","overlay-color":"","overlay-opacity":"","overlay-gradient":""}},"footnotes":""},"class_list":["post-189","page","type-page","status-publish","hentry"],"yoast_head":"<!-- This site is optimized with the Yoast SEO plugin v24.9 - https:\/\/yoast.com\/wordpress\/plugins\/seo\/ -->\n<title>Regulamin - Wisnialifting<\/title>\n<meta name=\"robots\" content=\"index, follow, max-snippet:-1, max-image-preview:large, max-video-preview:-1\" \/>\n<link rel=\"canonical\" href=\"https:\/\/wisnialifting.pl\/?page_id=189\" \/>\n<meta property=\"og:locale\" content=\"pl_PL\" \/>\n<meta property=\"og:type\" content=\"article\" \/>\n<meta property=\"og:title\" content=\"Regulamin - Wisnialifting\" \/>\n<meta property=\"og:description\" content=\"Regulamin: 1. *Rozpocz\u0119cie wsp\u00f3\u0142pracy*: Wsp\u00f3\u0142praca online rozpoczyna si\u0119 w momencie otrzymania planu przez podopiecznego. Przes\u0142any plan jest dostosowany do indywidualnych [&hellip;]\" \/>\n<meta property=\"og:url\" content=\"https:\/\/wisnialifting.pl\/?page_id=189\" \/>\n<meta property=\"og:site_name\" content=\"Wisnialifting\" \/>\n<meta property=\"article:modified_time\" content=\"2025-04-25T09:34:23+00:00\" \/>\n<meta name=\"twitter:card\" content=\"summary_large_image\" \/>\n<meta name=\"twitter:label1\" content=\"Szacowany czas czytania\" \/>\n\t<meta name=\"twitter:data1\" content=\"2 minuty\" \/>\n<script type=\"application\/ld+json\" class=\"yoast-schema-graph\">{\"@context\":\"https:\/\/schema.org\",\"@graph\":[{\"@type\":\"WebPage\",\"@id\":\"https:\/\/wisnialifting.pl\/?page_id=189\",\"url\":\"https:\/\/wisnialifting.pl\/?page_id=189\",\"name\":\"Regulamin - Wisnialifting\",\"isPartOf\":{\"@id\":\"https:\/\/wisnialifting.pl\/#website\"},\"datePublished\":\"2025-04-25T09:32:04+00:00\",\"dateModified\":\"2025-04-25T09:34:23+00:00\",\"breadcrumb\":{\"@id\":\"https:\/\/wisnialifting.pl\/?page_id=189#breadcrumb\"},\"inLanguage\":\"pl-PL\",\"potentialAction\":[{\"@type\":\"ReadAction\",\"target\":[\"https:\/\/wisnialifting.pl\/?page_id=189\"]}]},{\"@type\":\"BreadcrumbList\",\"@id\":\"https:\/\/wisnialifting.pl\/?page_id=189#breadcrumb\",\"itemListElement\":[{\"@type\":\"ListItem\",\"position\":1,\"name\":\"Strona g\u0142\u00f3wna\",\"item\":\"https:\/\/wisnialifting.pl\/\"},{\"@type\":\"ListItem\",\"position\":2,\"name\":\"Regulamin\"}]},{\"@type\":\"WebSite\",\"@id\":\"https:\/\/wisnialifting.pl\/#website\",\"url\":\"https:\/\/wisnialifting.pl\/\",\"name\":\"Wisnialifting\",\"description\":\"Treningi Personalne\",\"publisher\":{\"@id\":\"https:\/\/wisnialifting.pl\/#organization\"},\"potentialAction\":[{\"@type\":\"SearchAction\",\"target\":{\"@type\":\"EntryPoint\",\"urlTemplate\":\"https:\/\/wisnialifting.pl\/?s={search_term_string}\"},\"query-input\":{\"@type\":\"PropertyValueSpecification\",\"valueRequired\":true,\"valueName\":\"search_term_string\"}}],\"inLanguage\":\"pl-PL\"},{\"@type\":\"Organization\",\"@id\":\"https:\/\/wisnialifting.pl\/#organization\",\"name\":\"Wisnialifting\",\"url\":\"https:\/\/wisnialifting.pl\/\",\"logo\":{\"@type\":\"ImageObject\",\"inLanguage\":\"pl-PL\",\"@id\":\"https:\/\/wisnialifting.pl\/#\/schema\/logo\/image\/\",\"url\":\"https:\/\/wisnialifting.pl\/wp-content\/uploads\/2025\/04\/cropped-loog_wisnia-02.png\",\"contentUrl\":\"https:\/\/wisnialifting.pl\/wp-content\/uploads\/2025\/04\/cropped-loog_wisnia-02.png\",\"width\":1606,\"height\":207,\"caption\":\"Wisnialifting\"},\"image\":{\"@id\":\"https:\/\/wisnialifting.pl\/#\/schema\/logo\/image\/\"}}]}<\/script>\n<!-- \/ Yoast SEO plugin. -->","yoast_head_json":{"title":"Regulamin - Wisnialifting","robots":{"index":"index","follow":"follow","max-snippet":"max-snippet:-1","max-image-preview":"max-image-preview:large","max-video-preview":"max-video-preview:-1"},"canonical":"https:\/\/wisnialifting.pl\/?page_id=189","og_locale":"pl_PL","og_type":"article","og_title":"Regulamin - Wisnialifting","og_description":"Regulamin: 1. *Rozpocz\u0119cie wsp\u00f3\u0142pracy*: Wsp\u00f3\u0142praca online rozpoczyna si\u0119 w momencie otrzymania planu przez podopiecznego. Przes\u0142any plan jest dostosowany do indywidualnych [&hellip;]","og_url":"https:\/\/wisnialifting.pl\/?page_id=189","og_site_name":"Wisnialifting","article_modified_time":"2025-04-25T09:34:23+00:00","twitter_card":"summary_large_image","twitter_misc":{"Szacowany czas czytania":"2 minuty"},"schema":{"@context":"https:\/\/schema.org","@graph":[{"@type":"WebPage","@id":"https:\/\/wisnialifting.pl\/?page_id=189","url":"https:\/\/wisnialifting.pl\/?page_id=189","name":"Regulamin - Wisnialifting","isPartOf":{"@id":"https:\/\/wisnialifting.pl\/#website"},"datePublished":"2025-04-25T09:32:04+00:00","dateModified":"2025-04-25T09:34:23+00:00","breadcrumb":{"@id":"https:\/\/wisnialifting.pl\/?page_id=189#breadcrumb"},"inLanguage":"pl-PL","potentialAction":[{"@type":"ReadAction","target":["https:\/\/wisnialifting.pl\/?page_id=189"]}]},{"@type":"BreadcrumbList","@id":"https:\/\/wisnialifting.pl\/?page_id=189#breadcrumb","itemListElement":[{"@type":"ListItem","position":1,"name":"Strona g\u0142\u00f3wna","item":"https:\/\/wisnialifting.pl\/"},{"@type":"ListItem","position":2,"name":"Regulamin"}]},{"@type":"WebSite","@id":"https:\/\/wisnialifting.pl\/#website","url":"https:\/\/wisnialifting.pl\/","name":"Wisnialifting","description":"Treningi Personalne","publisher":{"@id":"https:\/\/wisnialifting.pl\/#organization"},"potentialAction":[{"@type":"SearchAction","target":{"@type":"EntryPoint","urlTemplate":"https:\/\/wisnialifting.pl\/?s={search_term_string}"},"query-input":{"@type":"PropertyValueSpecification","valueRequired":true,"valueName":"search_term_string"}}],"inLanguage":"pl-PL"},{"@type":"Organization","@id":"https:\/\/wisnialifting.pl\/#organization","name":"Wisnialifting","url":"https:\/\/wisnialifting.pl\/","logo":{"@type":"ImageObject","inLanguage":"pl-PL","@id":"https:\/\/wisnialifting.pl\/#\/schema\/logo\/image\/","url":"https:\/\/wisnialifting.pl\/wp-content\/uploads\/2025\/04\/cropped-loog_wisnia-02.png","contentUrl":"https:\/\/wisnialifting.pl\/wp-content\/uploads\/2025\/04\/cropped-loog_wisnia-02.png","width":1606,"height":207,"caption":"Wisnialifting"},"image":{"@id":"https:\/\/wisnialifting.pl\/#\/schema\/logo\/image\/"}}]}},"_links":{"self":[{"href":"https:\/\/wisnialifting.pl\/index.php?rest_route=\/wp\/v2\/pages\/189","targetHints":{"allow":["GET"]}}],"collection":[{"href":"https:\/\/wisnialifting.pl\/index.php?rest_route=\/wp\/v2\/pages"}],"about":[{"href":"https:\/\/wisnialifting.pl\/index.php?rest_route=\/wp\/v2\/types\/page"}],"author":[{"embeddable":true,"href":"https:\/\/wisnialifting.pl\/index.php?rest_route=\/wp\/v2\/users\/1"}],"replies":[{"embeddable":true,"href":"https:\/\/wisnialifting.pl\/index.php?rest_route=%2Fwp%2Fv2%2Fcomments&post=189"}],"version-history":[{"count":5,"href":"https:\/\/wisnialifting.pl\/index.php?rest_route=\/wp\/v2\/pages\/189\/revisions"}],"predecessor-version":[{"id":194,"href":"https:\/\/wisnialifting.pl\/index.php?rest_route=\/wp\/v2\/pages\/189\/revisions\/194"}],"wp:attachment":[{"href":"https:\/\/wisnialifting.pl\/index.php?rest_route=%2Fwp%2Fv2%2Fmedia&parent=189"}],"curies":[{"name":"wp","href":"https:\/\/api.w.org\/{rel}","templated":true}]}}