{"id":196,"date":"2025-04-25T11:34:30","date_gmt":"2025-04-25T09:34:30","guid":{"rendered":"https:\/\/wisnialifting.pl\/?page_id=196"},"modified":"2025-04-25T11:35:35","modified_gmt":"2025-04-25T09:35:35","slug":"prawa","status":"publish","type":"page","link":"https:\/\/wisnialifting.pl\/?page_id=196","title":{"rendered":"Prawa"},"content":{"rendered":"\t\t<div data-elementor-type=\"wp-page\" data-elementor-id=\"196\" class=\"elementor elementor-196\">\n\t\t\t\t<div class=\"elementor-element elementor-element-052a22c e-flex e-con-boxed e-con e-parent\" data-id=\"052a22c\" data-element_type=\"container\">\n\t\t\t\t\t<div class=\"e-con-inner\">\n\t\t\t\t<div class=\"elementor-element elementor-element-2aaffed elementor-widget elementor-widget-text-editor\" data-id=\"2aaffed\" data-element_type=\"widget\" data-widget_type=\"text-editor.default\">\n\t\t\t\t<div class=\"elementor-widget-container\">\n\t\t\t\t\t\t\t\t\t<p><strong>Prawa<br \/><\/strong><br \/>Wszystkie zdj\u0119cia oraz informacje zawarte na stronie nale\u017c\u0105 do w\u0142a\u015bciciela strony, a ich rozpowszechnianie i kopiowanie jest zabronione bez wiedzy autora. <br \/><br \/>Zgodnie z Ustaw\u0105 o Prawie Autorskim i Prawach Pokrewnych z dnia 4 lutego 1994 roku (Dz.U.94 Nr 24 poz. 83, sprost.: Dz.U.94 Nr 43 poz. 170) wykorzystywanie autorskich pomys\u0142\u00f3w, rozwi\u0105za\u0144, kopiowanie, rozpowszechnianie zdj\u0119\u0107, fragment\u00f3w grafiki oraz tekst\u00f3w opis\u00f3w w celach zarobkowych bez zezwolenia autora jest zabronione i stanowi naruszenie praw autorskich, co podlega karze. Znaki towarowe i graficzne s\u0105 w\u0142asno\u015bci\u0105 odpowiednich firm i\/lub instytucji.<\/p>\t\t\t\t\t\t\t\t<\/div>\n\t\t\t\t<\/div>\n\t\t\t\t\t<\/div>\n\t\t\t\t<\/div>\n\t\t\t\t<\/div>\n\t\t","protected":false},"excerpt":{"rendered":"<p>PrawaWszystkie zdj\u0119cia oraz informacje zawarte na stronie nale\u017c\u0105 do w\u0142a\u015bciciela strony, a ich rozpowszechnianie i kopiowanie jest zabronione bez wiedzy [&hellip;]<\/p>\n","protected":false},"author":1,"featured_media":0,"parent":0,"menu_order":0,"comment_status":"closed","ping_status":"closed","template":"","meta":{"site-sidebar-layout":"no-sidebar","site-content-layout":"","ast-site-content-layout":"full-width-container","site-content-style":"default","site-sidebar-style":"default","ast-global-header-display":"","ast-banner-title-visibility":"","ast-main-header-display":"","ast-hfb-above-header-display":"","ast-hfb-below-header-display":"","ast-hfb-mobile-header-display":"","site-post-title":"disabled","ast-breadcrumbs-content":"","ast-featured-img":"disabled","footer-sml-layout":"","theme-transparent-header-meta":"","adv-header-id-meta":"","stick-header-meta":"","header-above-stick-meta":"","header-main-stick-meta":"","header-below-stick-meta":"","astra-migrate-meta-layouts":"default","ast-page-background-enabled":"default","ast-page-background-meta":{"desktop":{"background-color":"var(--ast-global-color-5)","background-image":"","background-repeat":"repeat","background-position":"center center","background-size":"auto","background-attachment":"scroll","background-type":"","background-media":"","overlay-type":"","overlay-color":"","overlay-opacity":"","overlay-gradient":""},"tablet":{"background-color":"","background-image":"","background-repeat":"repeat","background-position":"center center","background-size":"auto","background-attachment":"scroll","background-type":"","background-media":"","overlay-type":"","overlay-color":"","overlay-opacity":"","overlay-gradient":""},"mobile":{"background-color":"","background-image":"","background-repeat":"repeat","background-position":"center center","background-size":"auto","background-attachment":"scroll","background-type":"","background-media":"","overlay-type":"","overlay-color":"","overlay-opacity":"","overlay-gradient":""}},"ast-content-background-meta":{"desktop":{"background-color":"var(--ast-global-color-4)","background-image":"","background-repeat":"repeat","background-position":"center center","background-size":"auto","background-attachment":"scroll","background-type":"","background-media":"","overlay-type":"","overlay-color":"","overlay-opacity":"","overlay-gradient":""},"tablet":{"background-color":"var(--ast-global-color-4)","background-image":"","background-repeat":"repeat","background-position":"center center","background-size":"auto","background-attachment":"scroll","background-type":"","background-media":"","overlay-type":"","overlay-color":"","overlay-opacity":"","overlay-gradient":""},"mobile":{"background-color":"var(--ast-global-color-4)","background-image":"","background-repeat":"repeat","background-position":"center center","background-size":"auto","background-attachment":"scroll","background-type":"","background-media":"","overlay-type":"","overlay-color":"","overlay-opacity":"","overlay-gradient":""}},"footnotes":""},"class_list":["post-196","page","type-page","status-publish","hentry"],"yoast_head":"<!-- This site is optimized with the Yoast SEO plugin v24.9 - https:\/\/yoast.com\/wordpress\/plugins\/seo\/ -->\n<title>Prawa - Wisnialifting<\/title>\n<meta name=\"robots\" content=\"index, follow, max-snippet:-1, max-image-preview:large, max-video-preview:-1\" \/>\n<link rel=\"canonical\" href=\"https:\/\/wisnialifting.pl\/?page_id=196\" \/>\n<meta property=\"og:locale\" content=\"pl_PL\" \/>\n<meta property=\"og:type\" content=\"article\" \/>\n<meta property=\"og:title\" content=\"Prawa - Wisnialifting\" \/>\n<meta property=\"og:description\" content=\"PrawaWszystkie zdj\u0119cia oraz informacje zawarte na stronie nale\u017c\u0105 do w\u0142a\u015bciciela strony, a ich rozpowszechnianie i kopiowanie jest zabronione bez wiedzy [&hellip;]\" \/>\n<meta property=\"og:url\" content=\"https:\/\/wisnialifting.pl\/?page_id=196\" \/>\n<meta property=\"og:site_name\" content=\"Wisnialifting\" \/>\n<meta property=\"article:modified_time\" content=\"2025-04-25T09:35:35+00:00\" \/>\n<meta name=\"twitter:card\" content=\"summary_large_image\" \/>\n<script type=\"application\/ld+json\" class=\"yoast-schema-graph\">{\"@context\":\"https:\/\/schema.org\",\"@graph\":[{\"@type\":\"WebPage\",\"@id\":\"https:\/\/wisnialifting.pl\/?page_id=196\",\"url\":\"https:\/\/wisnialifting.pl\/?page_id=196\",\"name\":\"Prawa - Wisnialifting\",\"isPartOf\":{\"@id\":\"https:\/\/wisnialifting.pl\/#website\"},\"datePublished\":\"2025-04-25T09:34:30+00:00\",\"dateModified\":\"2025-04-25T09:35:35+00:00\",\"breadcrumb\":{\"@id\":\"https:\/\/wisnialifting.pl\/?page_id=196#breadcrumb\"},\"inLanguage\":\"pl-PL\",\"potentialAction\":[{\"@type\":\"ReadAction\",\"target\":[\"https:\/\/wisnialifting.pl\/?page_id=196\"]}]},{\"@type\":\"BreadcrumbList\",\"@id\":\"https:\/\/wisnialifting.pl\/?page_id=196#breadcrumb\",\"itemListElement\":[{\"@type\":\"ListItem\",\"position\":1,\"name\":\"Strona g\u0142\u00f3wna\",\"item\":\"https:\/\/wisnialifting.pl\/\"},{\"@type\":\"ListItem\",\"position\":2,\"name\":\"Prawa\"}]},{\"@type\":\"WebSite\",\"@id\":\"https:\/\/wisnialifting.pl\/#website\",\"url\":\"https:\/\/wisnialifting.pl\/\",\"name\":\"Wisnialifting\",\"description\":\"Treningi Personalne\",\"publisher\":{\"@id\":\"https:\/\/wisnialifting.pl\/#organization\"},\"potentialAction\":[{\"@type\":\"SearchAction\",\"target\":{\"@type\":\"EntryPoint\",\"urlTemplate\":\"https:\/\/wisnialifting.pl\/?s={search_term_string}\"},\"query-input\":{\"@type\":\"PropertyValueSpecification\",\"valueRequired\":true,\"valueName\":\"search_term_string\"}}],\"inLanguage\":\"pl-PL\"},{\"@type\":\"Organization\",\"@id\":\"https:\/\/wisnialifting.pl\/#organization\",\"name\":\"Wisnialifting\",\"url\":\"https:\/\/wisnialifting.pl\/\",\"logo\":{\"@type\":\"ImageObject\",\"inLanguage\":\"pl-PL\",\"@id\":\"https:\/\/wisnialifting.pl\/#\/schema\/logo\/image\/\",\"url\":\"https:\/\/wisnialifting.pl\/wp-content\/uploads\/2025\/04\/cropped-loog_wisnia-02.png\",\"contentUrl\":\"https:\/\/wisnialifting.pl\/wp-content\/uploads\/2025\/04\/cropped-loog_wisnia-02.png\",\"width\":1606,\"height\":207,\"caption\":\"Wisnialifting\"},\"image\":{\"@id\":\"https:\/\/wisnialifting.pl\/#\/schema\/logo\/image\/\"}}]}<\/script>\n<!-- \/ Yoast SEO plugin. -->","yoast_head_json":{"title":"Prawa - Wisnialifting","robots":{"index":"index","follow":"follow","max-snippet":"max-snippet:-1","max-image-preview":"max-image-preview:large","max-video-preview":"max-video-preview:-1"},"canonical":"https:\/\/wisnialifting.pl\/?page_id=196","og_locale":"pl_PL","og_type":"article","og_title":"Prawa - Wisnialifting","og_description":"PrawaWszystkie zdj\u0119cia oraz informacje zawarte na stronie nale\u017c\u0105 do w\u0142a\u015bciciela strony, a ich rozpowszechnianie i kopiowanie jest zabronione bez wiedzy [&hellip;]","og_url":"https:\/\/wisnialifting.pl\/?page_id=196","og_site_name":"Wisnialifting","article_modified_time":"2025-04-25T09:35:35+00:00","twitter_card":"summary_large_image","schema":{"@context":"https:\/\/schema.org","@graph":[{"@type":"WebPage","@id":"https:\/\/wisnialifting.pl\/?page_id=196","url":"https:\/\/wisnialifting.pl\/?page_id=196","name":"Prawa - Wisnialifting","isPartOf":{"@id":"https:\/\/wisnialifting.pl\/#website"},"datePublished":"2025-04-25T09:34:30+00:00","dateModified":"2025-04-25T09:35:35+00:00","breadcrumb":{"@id":"https:\/\/wisnialifting.pl\/?page_id=196#breadcrumb"},"inLanguage":"pl-PL","potentialAction":[{"@type":"ReadAction","target":["https:\/\/wisnialifting.pl\/?page_id=196"]}]},{"@type":"BreadcrumbList","@id":"https:\/\/wisnialifting.pl\/?page_id=196#breadcrumb","itemListElement":[{"@type":"ListItem","position":1,"name":"Strona g\u0142\u00f3wna","item":"https:\/\/wisnialifting.pl\/"},{"@type":"ListItem","position":2,"name":"Prawa"}]},{"@type":"WebSite","@id":"https:\/\/wisnialifting.pl\/#website","url":"https:\/\/wisnialifting.pl\/","name":"Wisnialifting","description":"Treningi Personalne","publisher":{"@id":"https:\/\/wisnialifting.pl\/#organization"},"potentialAction":[{"@type":"SearchAction","target":{"@type":"EntryPoint","urlTemplate":"https:\/\/wisnialifting.pl\/?s={search_term_string}"},"query-input":{"@type":"PropertyValueSpecification","valueRequired":true,"valueName":"search_term_string"}}],"inLanguage":"pl-PL"},{"@type":"Organization","@id":"https:\/\/wisnialifting.pl\/#organization","name":"Wisnialifting","url":"https:\/\/wisnialifting.pl\/","logo":{"@type":"ImageObject","inLanguage":"pl-PL","@id":"https:\/\/wisnialifting.pl\/#\/schema\/logo\/image\/","url":"https:\/\/wisnialifting.pl\/wp-content\/uploads\/2025\/04\/cropped-loog_wisnia-02.png","contentUrl":"https:\/\/wisnialifting.pl\/wp-content\/uploads\/2025\/04\/cropped-loog_wisnia-02.png","width":1606,"height":207,"caption":"Wisnialifting"},"image":{"@id":"https:\/\/wisnialifting.pl\/#\/schema\/logo\/image\/"}}]}},"_links":{"self":[{"href":"https:\/\/wisnialifting.pl\/index.php?rest_route=\/wp\/v2\/pages\/196","targetHints":{"allow":["GET"]}}],"collection":[{"href":"https:\/\/wisnialifting.pl\/index.php?rest_route=\/wp\/v2\/pages"}],"about":[{"href":"https:\/\/wisnialifting.pl\/index.php?rest_route=\/wp\/v2\/types\/page"}],"author":[{"embeddable":true,"href":"https:\/\/wisnialifting.pl\/index.php?rest_route=\/wp\/v2\/users\/1"}],"replies":[{"embeddable":true,"href":"https:\/\/wisnialifting.pl\/index.php?rest_route=%2Fwp%2Fv2%2Fcomments&post=196"}],"version-history":[{"count":5,"href":"https:\/\/wisnialifting.pl\/index.php?rest_route=\/wp\/v2\/pages\/196\/revisions"}],"predecessor-version":[{"id":201,"href":"https:\/\/wisnialifting.pl\/index.php?rest_route=\/wp\/v2\/pages\/196\/revisions\/201"}],"wp:attachment":[{"href":"https:\/\/wisnialifting.pl\/index.php?rest_route=%2Fwp%2Fv2%2Fmedia&parent=196"}],"curies":[{"name":"wp","href":"https:\/\/api.w.org\/{rel}","templated":true}]}}